{"id":103,"date":"2023-11-14T11:51:31","date_gmt":"2023-11-14T14:51:31","guid":{"rendered":"https:\/\/laurasalomone.com\/?page_id=103"},"modified":"2023-11-14T12:04:40","modified_gmt":"2023-11-14T15:04:40","slug":"sobre-mi","status":"publish","type":"page","link":"https:\/\/laurasalomone.com\/index.php\/sobre-mi\/","title":{"rendered":"Sobre m\u00ed"},"content":{"rendered":"<p>[et_pb_section fb_built=&#8221;1&#8243; _builder_version=&#8221;4.18.0&#8243; _module_preset=&#8221;default&#8221; background_image=&#8221;http:\/\/laurasalomone.com\/wp-content\/uploads\/2023\/09\/bg.jpg&#8221; parallax=&#8221;on&#8221; custom_padding=&#8221;56px||0px|||&#8221; global_colors_info=&#8221;{}&#8221; locked=&#8221;off&#8221; theme_builder_area=&#8221;post_content&#8221;][et_pb_row column_structure=&#8221;1_2,1_2&#8243; _builder_version=&#8221;4.18.0&#8243; _module_preset=&#8221;default&#8221; custom_margin=&#8221;||0px||false|false&#8221; custom_padding=&#8221;||75px||false|false&#8221; hover_enabled=&#8221;0&#8243; global_colors_info=&#8221;{}&#8221; theme_builder_area=&#8221;post_content&#8221; sticky_enabled=&#8221;0&#8243;][et_pb_column type=&#8221;1_2&#8243; _builder_version=&#8221;4.18.0&#8243; _module_preset=&#8221;default&#8221; global_colors_info=&#8221;{}&#8221; theme_builder_area=&#8221;post_content&#8221;][et_pb_text _builder_version=&#8221;4.18.0&#8243; _module_preset=&#8221;default&#8221; text_font=&#8221;|700|||||||&#8221; text_text_color=&#8221;#8263B4&#8243; text_font_size=&#8221;33px&#8221; custom_margin=&#8221;136px|||||&#8221; hover_enabled=&#8221;0&#8243; global_colors_info=&#8221;{}&#8221; theme_builder_area=&#8221;post_content&#8221; min_height=&#8221;10.8px&#8221; text_line_height=&#8221;1.3em&#8221; custom_margin_last_edited=&#8221;on|phone&#8221; custom_margin_phone=&#8221;0px||||false|false&#8221; sticky_enabled=&#8221;0&#8243; custom_margin_tablet=&#8221;136px|||||&#8221;]<\/p>\n<p>Soy Laura Salomone<\/p>\n<p>[\/et_pb_text][et_pb_text _builder_version=&#8221;4.18.0&#8243; _module_preset=&#8221;default&#8221; text_font_size=&#8221;18px&#8221; text_line_height=&#8221;1.5em&#8221; global_colors_info=&#8221;{}&#8221; theme_builder_area=&#8221;post_content&#8221;]<\/p>\n<p>Desde muy peque\u00f1a me he interesado por la actividad corporal, transitando distintos espacios como la danza cl\u00e1sica, el karate, el tango y el teatro.<\/p>\n<p>A los 16 a\u00f1os la pr\u00e1ctica de Yoga tom\u00f3 relevancia en mi vida, ya que se logr\u00e9 unir los puntos de mis recorridos anteriores en una disciplina que se dedica a expandir tu capacidad de ser., contempla tu corporeidad, tu mente y tu esp\u00edritu.<\/p>\n<p>En Yoga encontr\u00e9 la posibilidad de ser feliz, aprend\u00ed a bucear en mi interior, conocerme, sanarme y revitalizarme.<\/p>\n<p>[\/et_pb_text][\/et_pb_column][et_pb_column type=&#8221;1_2&#8243; _builder_version=&#8221;4.18.0&#8243; _module_preset=&#8221;default&#8221; global_colors_info=&#8221;{}&#8221; theme_builder_area=&#8221;post_content&#8221;][et_pb_image src=&#8221;http:\/\/laurasalomone.com\/wp-content\/uploads\/2023\/11\/foto_laura_sobremi.png&#8221; _builder_version=&#8221;4.18.0&#8243; _module_preset=&#8221;default&#8221; theme_builder_area=&#8221;post_content&#8221; hover_enabled=&#8221;0&#8243; sticky_enabled=&#8221;0&#8243; title_text=&#8221;foto_laura_sobremi&#8221;][\/et_pb_image][\/et_pb_column][\/et_pb_row][\/et_pb_section][et_pb_section fb_built=&#8221;1&#8243; _builder_version=&#8221;4.18.0&#8243; _module_preset=&#8221;default&#8221; background_enable_color=&#8221;off&#8221; use_background_color_gradient=&#8221;on&#8221; background_color_gradient_direction=&#8221;210deg&#8221; background_color_gradient_stops=&#8221;#8263b4 0%|#ff6d8b 100%&#8221; global_colors_info=&#8221;{}&#8221; locked=&#8221;off&#8221; theme_builder_area=&#8221;post_content&#8221;][et_pb_row _builder_version=&#8221;4.18.0&#8243; _module_preset=&#8221;default&#8221; global_colors_info=&#8221;{}&#8221; theme_builder_area=&#8221;post_content&#8221;][et_pb_column type=&#8221;4_4&#8243; _builder_version=&#8221;4.18.0&#8243; _module_preset=&#8221;default&#8221; global_colors_info=&#8221;{}&#8221; theme_builder_area=&#8221;post_content&#8221;][et_pb_text _builder_version=&#8221;4.18.0&#8243; _module_preset=&#8221;default&#8221; text_text_color=&#8221;#FFFFFF&#8221; text_font_size=&#8221;18px&#8221; text_line_height=&#8221;1.5em&#8221; hover_enabled=&#8221;0&#8243; global_colors_info=&#8221;{}&#8221; theme_builder_area=&#8221;post_content&#8221; sticky_enabled=&#8221;0&#8243;]<\/p>\n<p><img decoding=\"async\" loading=\"lazy\" src=\"http:\/\/laurasalomone.com\/wp-content\/uploads\/2023\/11\/flor-300x244.png\" width=\"77\" height=\"63\" alt=\"\" class=\"wp-image-88 alignnone size-medium\" srcset=\"https:\/\/laurasalomone.com\/wp-content\/uploads\/2023\/11\/flor-300x244.png 300w, https:\/\/laurasalomone.com\/wp-content\/uploads\/2023\/11\/flor.png 389w\" sizes=\"(max-width: 77px) 100vw, 77px\" \/><\/p>\n<p>Vengo de una infancia muy hostil, la cual dej\u00f3 grandes heridas en mi vida, y a pesar de eso, hice de esas heridas un camino maravillo con Yoga para las Infancias y Adolescencias.<\/p>\n<p>A mis 30 a\u00f1os experiment\u00e9 lo que es tener c\u00e1ncer, y lo que es ser terreno f\u00e9rtil para que una enfermedad haga estragos en tu vida. Por eso hoy, promuevo el Movimiento Consciente, la Meditaci\u00f3n, la Respiraci\u00f3n, la Relajaci\u00f3n y el AUTOCONOCIMIENTO como pilares fundamentales de tu desarrollo personal, tu salud y felicidad.<\/p>\n<p>Soy una aprendiz constante. Me encanta capacitarme, estudiar, leer, ense\u00f1ar e inspirar a otros a encontrar su mejor versi\u00f3n en esta vida.<\/p>\n<p>[\/et_pb_text][\/et_pb_column][\/et_pb_row][\/et_pb_section][et_pb_section fb_built=&#8221;1&#8243; _builder_version=&#8221;4.18.0&#8243; _module_preset=&#8221;default&#8221; background_enable_color=&#8221;off&#8221; hover_enabled=&#8221;0&#8243; global_colors_info=&#8221;{}&#8221; locked=&#8221;off&#8221; theme_builder_area=&#8221;post_content&#8221; sticky_enabled=&#8221;0&#8243;][et_pb_row _builder_version=&#8221;4.18.0&#8243; _module_preset=&#8221;default&#8221; global_colors_info=&#8221;{}&#8221; theme_builder_area=&#8221;post_content&#8221;][et_pb_column type=&#8221;4_4&#8243; _builder_version=&#8221;4.18.0&#8243; _module_preset=&#8221;default&#8221; global_colors_info=&#8221;{}&#8221; theme_builder_area=&#8221;post_content&#8221;][et_pb_text _builder_version=&#8221;4.18.0&#8243; _module_preset=&#8221;default&#8221; text_text_color=&#8221;#8263B4&#8243; text_font_size=&#8221;18px&#8221; text_line_height=&#8221;1.5em&#8221; hover_enabled=&#8221;0&#8243; global_colors_info=&#8221;{}&#8221; theme_builder_area=&#8221;post_content&#8221; sticky_enabled=&#8221;0&#8243;]<\/p>\n<p>Actualmente estoy terminando el Profesorado de Educaci\u00f3n F\u00edsica, carrera que amo, que me da nuevas perspectivas y apoyo en el \u00e1rea educativa de Yoga.<\/p>\n<p>Llevo mas de 20 a\u00f1os de docencia en Yoga, formando Instructores, guiando y acompa\u00f1ando procesos de mis alumnos y formando un equipo de excelentes profesores que me acompa\u00f1an en esta tarea diaria.<\/p>\n<p>Desde mi experiencia, contarte que todos somos espirituales, y estamos en distintas etapas de nuestra evoluci\u00f3n. Lo pude vivenciar concretamente cuando acompa\u00f1\u00e9 a morir a mi padre, una nueva etapa y oportunidad para expandir mi comprensi\u00f3n, mi capacidad de amar y desapegarme.<\/p>\n<p>[\/et_pb_text][\/et_pb_column][\/et_pb_row][\/et_pb_section][et_pb_section fb_built=&#8221;1&#8243; _builder_version=&#8221;4.18.0&#8243; _module_preset=&#8221;default&#8221; background_image=&#8221;http:\/\/laurasalomone.com\/wp-content\/uploads\/2023\/09\/bg.jpg&#8221; parallax=&#8221;on&#8221; custom_padding=&#8221;62px||61px|||&#8221; global_colors_info=&#8221;{}&#8221; locked=&#8221;off&#8221; theme_builder_area=&#8221;post_content&#8221;][et_pb_row _builder_version=&#8221;4.18.0&#8243; _module_preset=&#8221;default&#8221; custom_padding=&#8221;||0px|||&#8221; global_colors_info=&#8221;{}&#8221; theme_builder_area=&#8221;post_content&#8221;][et_pb_column type=&#8221;4_4&#8243; _builder_version=&#8221;4.18.0&#8243; _module_preset=&#8221;default&#8221; global_colors_info=&#8221;{}&#8221; theme_builder_area=&#8221;post_content&#8221;][et_pb_text _builder_version=&#8221;4.18.0&#8243; _module_preset=&#8221;default&#8221; text_font=&#8221;|600|||||||&#8221; text_text_color=&#8221;#8263B4&#8243; text_font_size=&#8221;33px&#8221; text_orientation=&#8221;center&#8221; custom_margin=&#8221;1px|||||&#8221; hover_enabled=&#8221;0&#8243; global_colors_info=&#8221;{}&#8221; theme_builder_area=&#8221;post_content&#8221; text_line_height=&#8221;1em&#8221; sticky_enabled=&#8221;0&#8243; text_font_size_last_edited=&#8221;on|phone&#8221; text_font_size_phone=&#8221;25px&#8221; text_font_size_tablet=&#8221;33px&#8221;]<\/p>\n<p><img decoding=\"async\" loading=\"lazy\" src=\"http:\/\/laurasalomone.com\/wp-content\/uploads\/2023\/11\/corazones-300x239.png\" width=\"103\" height=\"82\" alt=\"\" class=\"wp-image-110 alignnone size-medium\" \/><\/p>\n<p>Mi tarea es seguir despertando en consciencia e inspirar y acompa\u00f1ar a quienes est\u00e9n dispuestos a hacerlo.<\/p>\n<p><strong>Si algo de mi historia te resuena,<br \/>te invito a sumarte a esta Tribu Santosa.<\/strong><\/p>\n<p>[\/et_pb_text][\/et_pb_column][\/et_pb_row][\/et_pb_section]<\/p>\n","protected":false},"excerpt":{"rendered":"<p>Soy Laura SalomoneDesde muy peque\u00f1a me he interesado por la actividad corporal, transitando distintos espacios como la danza cl\u00e1sica, el karate, el tango y el teatro. A los 16 a\u00f1os la pr\u00e1ctica de Yoga tom\u00f3 relevancia en mi vida, ya que se logr\u00e9 unir los puntos de mis recorridos anteriores en una disciplina que se [&hellip;]<\/p>\n","protected":false},"author":1,"featured_media":0,"parent":0,"menu_order":0,"comment_status":"closed","ping_status":"closed","template":"","meta":{"_et_pb_use_builder":"on","_et_pb_old_content":"","_et_gb_content_width":"","inline_featured_image":false,"footnotes":""},"aioseo_notices":[],"_links":{"self":[{"href":"https:\/\/laurasalomone.com\/index.php\/wp-json\/wp\/v2\/pages\/103"}],"collection":[{"href":"https:\/\/laurasalomone.com\/index.php\/wp-json\/wp\/v2\/pages"}],"about":[{"href":"https:\/\/laurasalomone.com\/index.php\/wp-json\/wp\/v2\/types\/page"}],"author":[{"embeddable":true,"href":"https:\/\/laurasalomone.com\/index.php\/wp-json\/wp\/v2\/users\/1"}],"replies":[{"embeddable":true,"href":"https:\/\/laurasalomone.com\/index.php\/wp-json\/wp\/v2\/comments?post=103"}],"version-history":[{"count":5,"href":"https:\/\/laurasalomone.com\/index.php\/wp-json\/wp\/v2\/pages\/103\/revisions"}],"predecessor-version":[{"id":113,"href":"https:\/\/laurasalomone.com\/index.php\/wp-json\/wp\/v2\/pages\/103\/revisions\/113"}],"wp:attachment":[{"href":"https:\/\/laurasalomone.com\/index.php\/wp-json\/wp\/v2\/media?parent=103"}],"curies":[{"name":"wp","href":"https:\/\/api.w.org\/{rel}","templated":true}]}}