{"id":84,"date":"2023-11-14T11:26:06","date_gmt":"2023-11-14T14:26:06","guid":{"rendered":"https:\/\/laurasalomone.com\/?page_id=84"},"modified":"2023-11-14T12:06:00","modified_gmt":"2023-11-14T15:06:00","slug":"instructorado","status":"publish","type":"page","link":"https:\/\/laurasalomone.com\/index.php\/instructorado\/","title":{"rendered":"Instructorado"},"content":{"rendered":"<p>[et_pb_section fb_built=&#8221;1&#8243; _builder_version=&#8221;4.18.0&#8243; _module_preset=&#8221;default&#8221; use_background_color_gradient=&#8221;on&#8221; background_color_gradient_direction=&#8221;290deg&#8221; background_color_gradient_stops=&#8221;#8263b4 0%|#ff6d8b 100%&#8221; background_enable_image=&#8221;off&#8221; background_position=&#8221;center_right&#8221; custom_padding=&#8221;4px||0px|||&#8221; locked=&#8221;off&#8221; global_colors_info=&#8221;{}&#8221;][et_pb_row _builder_version=&#8221;4.18.0&#8243; _module_preset=&#8221;default&#8221; custom_padding=&#8221;58px||0px|||&#8221; global_colors_info=&#8221;{}&#8221;][et_pb_column type=&#8221;4_4&#8243; _builder_version=&#8221;4.18.0&#8243; _module_preset=&#8221;default&#8221; global_colors_info=&#8221;{}&#8221;][et_pb_text _builder_version=&#8221;4.18.0&#8243; _module_preset=&#8221;default&#8221; text_font=&#8221;||||||||&#8221; text_text_color=&#8221;#FFFFFF&#8221; text_font_size=&#8221;25px&#8221; text_line_height=&#8221;1.3em&#8221; text_orientation=&#8221;center&#8221; custom_margin=&#8221;15px||92px|||&#8221; global_colors_info=&#8221;{}&#8221;]<\/p>\n<p>\u00a0<img decoding=\"async\" loading=\"lazy\" src=\"http:\/\/laurasalomone.com\/wp-content\/uploads\/2023\/11\/flor-300x244.png\" width=\"96\" height=\"78\" alt=\"\" class=\"wp-image-88 alignnone size-medium\" srcset=\"https:\/\/laurasalomone.com\/wp-content\/uploads\/2023\/11\/flor-300x244.png 300w, https:\/\/laurasalomone.com\/wp-content\/uploads\/2023\/11\/flor.png 389w\" sizes=\"(max-width: 96px) 100vw, 96px\" \/><\/p>\n<p>Santosa es<strong> contento<\/strong>, es la <strong>alegr\u00eda s\u00e1tvica <\/strong>(armoniosa)<br \/>que experimentamos a trav\u00e9s de la pr\u00e1ctica de Yoga.<\/p>\n<p>[\/et_pb_text][\/et_pb_column][\/et_pb_row][\/et_pb_section][et_pb_section fb_built=&#8221;1&#8243; _builder_version=&#8221;4.18.0&#8243; _module_preset=&#8221;default&#8221; background_image=&#8221;http:\/\/laurasalomone.com\/wp-content\/uploads\/2023\/09\/bg.jpg&#8221; parallax=&#8221;on&#8221; custom_padding=&#8221;||83px|||&#8221; locked=&#8221;off&#8221; global_colors_info=&#8221;{}&#8221;][et_pb_row column_structure=&#8221;1_2,1_2&#8243; _builder_version=&#8221;4.18.0&#8243; _module_preset=&#8221;default&#8221; custom_margin=&#8221;||0px||false|false&#8221; custom_padding=&#8221;||0px|||&#8221; global_colors_info=&#8221;{}&#8221; custom_margin__hover_enabled=&#8221;on|desktop&#8221; custom_margin__hover=&#8221;||0px||false|false&#8221;][et_pb_column type=&#8221;1_2&#8243; _builder_version=&#8221;4.18.0&#8243; _module_preset=&#8221;default&#8221; global_colors_info=&#8221;{}&#8221;][et_pb_text _builder_version=&#8221;4.18.0&#8243; _module_preset=&#8221;default&#8221; text_font_size=&#8221;18px&#8221; text_line_height=&#8221;1.5em&#8221; global_colors_info=&#8221;{}&#8221;]<\/p>\n<p>Basamos la pr\u00e1ctica de Yoga para ni\u00f1xs en <strong>Santosa<\/strong>, ya que la infancia es la etapa de los grandes aprendizajes, es el momento de mayor vulnerabilidad del ser humano, es cuando la alegr\u00eda se respira por cada poro de la piel, siempre que el contexto as\u00ed lo permita.<\/p>\n<p><strong>Nuestra tarea<\/strong> como docentes de Santosa Yoga es que lxs ni\u00f1xs puedan <strong>registrar, preservar y conservar ese maravilloso estado.<\/strong><\/p>\n<p>La base de este Instructorado; es el <strong>Ashtanga Yoga de Patanjali<\/strong>, y somos pioneras<\/p>\n<p>en <strong>articular el Yoga con Arte, M\u00fasica, Educaci\u00f3n Inclusiva y Emocional; Psicomotricidad, Ed F\u00edsica y Discapacidad. <\/strong><\/p>\n<p>[\/et_pb_text][\/et_pb_column][et_pb_column type=&#8221;1_2&#8243; _builder_version=&#8221;4.18.0&#8243; _module_preset=&#8221;default&#8221; global_colors_info=&#8221;{}&#8221;][et_pb_gallery gallery_ids=&#8221;90,91,92,93,94,95,96&#8243; fullwidth=&#8221;on&#8221; _builder_version=&#8221;4.18.0&#8243; _module_preset=&#8221;default&#8221; custom_margin=&#8221;16px|||||&#8221; border_radii=&#8221;on|38px|38px|38px|38px&#8221; global_colors_info=&#8221;{}&#8221;][\/et_pb_gallery][\/et_pb_column][\/et_pb_row][\/et_pb_section][et_pb_section fb_built=&#8221;1&#8243; _builder_version=&#8221;4.18.0&#8243; _module_preset=&#8221;default&#8221; global_colors_info=&#8221;{}&#8221;][et_pb_row _builder_version=&#8221;4.18.0&#8243; _module_preset=&#8221;default&#8221; global_colors_info=&#8221;{}&#8221;][et_pb_column type=&#8221;4_4&#8243; _builder_version=&#8221;4.18.0&#8243; _module_preset=&#8221;default&#8221; global_colors_info=&#8221;{}&#8221;][et_pb_text _builder_version=&#8221;4.18.0&#8243; _module_preset=&#8221;default&#8221; text_font_size=&#8221;18px&#8221; text_line_height=&#8221;1.8em&#8221; global_colors_info=&#8221;{}&#8221;]<\/p>\n<p><strong><img decoding=\"async\" loading=\"lazy\" src=\"http:\/\/laurasalomone.com\/wp-content\/uploads\/2023\/09\/icon-45.svg\" width=\"64\" height=\"76\" alt=\"\" class=\"wp-image-43 alignnone size-medium\" \/><\/strong><\/p>\n<p><strong>La singularidad<\/strong> de este Sistema <strong>SantosaYogaNi\u00f1xs<\/strong> es nuestra ense\u00f1anza y transmisi\u00f3n del yoga, ya que primero entablamos un v\u00ednculo de <strong>respeto y compromiso con lxs ni\u00f1xs,<\/strong> mantenemos una mirada abierta y comprensiva, una escucha atenta y reflexiva, para que podamos construir un espacio de armon\u00eda y encuentro; <strong>espacio que se caracteriza por trabajar a trav\u00e9s del juego, la m\u00fasica, la expresi\u00f3n, el arte y el movimiento; hacia la experiencia de plenitud, silencio y quietud interna.<\/strong><\/p>\n<p>Por eso, mi prop\u00f3sito como creadora de este sistema es formar Instructorxs capaces de hacer este recorrido, en el que primero pasar\u00e1n por su vivencia, experiencia y aprendizaje, aquello que despu\u00e9s ense\u00f1ar\u00e1n a lxs ni\u00f1xs.<\/p>\n<p>El instructorado est\u00e1 dise\u00f1ado tanto para quien desee comenzar a desarrollar clases pr\u00e1cticas, talleres o jornadas de yoga para ni\u00f1xs como para quien se desempe\u00f1e en el \u00e1mbito formal o no formal de educaci\u00f3n y trabaje con ni\u00f1xs o adolescentes.<\/p>\n<p>Es ideal tambi\u00e9n para instructores, terapeutas, mam\u00e1s, pap\u00e1s, maestrxs, docentes de diferentes \u00e1reas que quieran tener m\u00e1s herramientas para el trabajo con ni\u00f1xs y adolescentes.<\/p>\n<p>[\/et_pb_text][\/et_pb_column][\/et_pb_row][\/et_pb_section][et_pb_section fb_built=&#8221;1&#8243; _builder_version=&#8221;4.18.0&#8243; _module_preset=&#8221;default&#8221; background_color=&#8221;#8263B4&#8243; locked=&#8221;off&#8221; global_colors_info=&#8221;{}&#8221;][et_pb_row _builder_version=&#8221;4.18.0&#8243; _module_preset=&#8221;default&#8221; global_colors_info=&#8221;{}&#8221;][et_pb_column type=&#8221;4_4&#8243; _builder_version=&#8221;4.18.0&#8243; _module_preset=&#8221;default&#8221; global_colors_info=&#8221;{}&#8221;][et_pb_text _builder_version=&#8221;4.18.0&#8243; _module_preset=&#8221;default&#8221; text_font=&#8221;|700|||||||&#8221; text_text_color=&#8221;#FFFFFF&#8221; text_font_size=&#8221;26px&#8221; text_line_height=&#8221;1.6em&#8221; text_orientation=&#8221;center&#8221; custom_margin=&#8221;1px|||||&#8221; hover_enabled=&#8221;0&#8243; global_colors_info=&#8221;{}&#8221; text_font_size_last_edited=&#8221;on|phone&#8221; text_font_size_phone=&#8221;20px&#8221; sticky_enabled=&#8221;0&#8243; text_font_size_tablet=&#8221;26px&#8221;]<\/p>\n<p><strong><em>El trabajo minucioso que hacemos sobre nosotrxs mismxs nos permite bucear, sanar y despertar algunas \u00e1reas, etapas y parte de nuestra historia que se vuelven indispensable para la docencia y el trabajo con lxs ni\u00f1xs. <\/em><\/strong><\/p>\n<p><strong><em>Por eso tu compromiso y pro actividad son requisitos indispensables para ingresar a nuestra formaci\u00f3n. <\/em><\/strong><\/p>\n<p>[\/et_pb_text][\/et_pb_column][\/et_pb_row][\/et_pb_section][et_pb_section fb_built=&#8221;1&#8243; _builder_version=&#8221;4.18.0&#8243; _module_preset=&#8221;default&#8221; background_color=&#8221;#FF6D8B&#8221; locked=&#8221;off&#8221; global_colors_info=&#8221;{}&#8221;][et_pb_row _builder_version=&#8221;4.18.0&#8243; _module_preset=&#8221;default&#8221; global_colors_info=&#8221;{}&#8221;][et_pb_column type=&#8221;4_4&#8243; _builder_version=&#8221;4.18.0&#8243; _module_preset=&#8221;default&#8221; global_colors_info=&#8221;{}&#8221;][et_pb_text _builder_version=&#8221;4.18.0&#8243; _module_preset=&#8221;default&#8221; text_font=&#8221;|700|||||||&#8221; text_text_color=&#8221;#FFFFFF&#8221; text_font_size=&#8221;28px&#8221; text_line_height=&#8221;1.4em&#8221; text_orientation=&#8221;center&#8221; custom_margin=&#8221;||19px|||&#8221; hover_enabled=&#8221;0&#8243; global_colors_info=&#8221;{}&#8221; text_font_size_last_edited=&#8221;on|phone&#8221; text_font_size_phone=&#8221;22px&#8221; sticky_enabled=&#8221;0&#8243; text_font_size_tablet=&#8221;28px&#8221;]<\/p>\n<p>En Enero abrimos las Inscripciones para nuestra Formaci\u00f3n 2024.<br \/>Pedinos el programa y reserv\u00e1 tu lugar. Cupos limitados.<br \/>No te quedes sin el tuyo.<\/p>\n<p>[\/et_pb_text][et_pb_text _builder_version=&#8221;4.18.0&#8243; _module_preset=&#8221;default&#8221; text_text_color=&#8221;#FFFFFF&#8221; text_font_size=&#8221;19px&#8221; text_line_height=&#8221;1.6em&#8221; text_orientation=&#8221;center&#8221; custom_margin=&#8221;-4px||16px|||&#8221; global_colors_info=&#8221;{}&#8221;]<\/p>\n<p><b>Temas<\/b><\/p>\n<p>[\/et_pb_text][et_pb_text _builder_version=&#8221;4.18.0&#8243; _module_preset=&#8221;default&#8221; text_text_color=&#8221;#FFFFFF&#8221; text_font_size=&#8221;16px&#8221; text_line_height=&#8221;1.6em&#8221; text_orientation=&#8221;center&#8221; global_colors_info=&#8221;{}&#8221;]<i class=\"fas fa-heart\"><\/i> Introducci\u00f3n al Yoga Cl\u00e1sico <i class=\"fas fa-heart\"><\/i> Asanas <i class=\"fas fa-heart\"><\/i> Meditaci\u00f3n <i class=\"fas fa-heart\"><\/i> Pranayama <i class=\"fas fa-heart\"><\/i> Relajaci\u00f3n <i class=\"fas fa-heart\"><\/i> Visualizaci\u00f3n <i class=\"fas fa-heart\"><\/i><br \/>\n<i class=\"fas fa-heart\"><\/i>  Diagramaci\u00f3n de Clases <i class=\"fas fa-heart\"><\/i> Yoga En Duplas <i class=\"fas fa-heart\"><\/i> Desarrollo Infantil <i class=\"fas fa-heart\"><\/i> Arte <i class=\"fas fa-heart\"><\/i> M\u00fasica <i class=\"fas fa-heart\"><\/i> Juegos <i class=\"fas fa-heart\"><\/i> <br \/><i class=\"fas fa-heart\"><\/i> Discapacidad <i class=\"fas fa-heart\"><\/i> Trabajos pr\u00e1cticos <i class=\"fas fa-heart\"><\/i> Arte <i class=\"fas fa-heart\"><\/i> [\/et_pb_text][et_pb_text _builder_version=&#8221;4.18.0&#8243; _module_preset=&#8221;default&#8221; text_text_color=&#8221;#FFFFFF&#8221; text_font_size=&#8221;19px&#8221; text_line_height=&#8221;1.6em&#8221; text_orientation=&#8221;center&#8221; custom_margin=&#8221;-4px||16px|||&#8221; global_colors_info=&#8221;{}&#8221;]<\/p>\n<p><strong><em>Bonus de regalo: Pr\u00e1ctica Docente Certificada<\/em><\/strong><\/p>\n<p>[\/et_pb_text][et_pb_text _builder_version=&#8221;4.18.0&#8243; _module_preset=&#8221;default&#8221; text_font=&#8221;|700|||||||&#8221; text_text_color=&#8221;#FFFFFF&#8221; text_font_size=&#8221;28px&#8221; text_line_height=&#8221;1.4em&#8221; text_orientation=&#8221;center&#8221; custom_margin=&#8221;||19px|||&#8221; global_colors_info=&#8221;{}&#8221;]<\/p>\n<p>Una formaci\u00f3n para tu transformaci\u00f3n personal.<\/p>\n<p>[\/et_pb_text][\/et_pb_column][\/et_pb_row][\/et_pb_section][et_pb_section fb_built=&#8221;1&#8243; _builder_version=&#8221;4.18.0&#8243; _module_preset=&#8221;default&#8221; background_enable_color=&#8221;off&#8221; background_image=&#8221;http:\/\/laurasalomone.com\/wp-content\/uploads\/2023\/09\/bg.jpg&#8221; locked=&#8221;off&#8221; global_colors_info=&#8221;{}&#8221;][et_pb_row _builder_version=&#8221;4.18.0&#8243; _module_preset=&#8221;default&#8221; global_colors_info=&#8221;{}&#8221;][et_pb_column type=&#8221;4_4&#8243; _builder_version=&#8221;4.18.0&#8243; _module_preset=&#8221;default&#8221; global_colors_info=&#8221;{}&#8221;][et_pb_text _builder_version=&#8221;4.18.0&#8243; _module_preset=&#8221;default&#8221; text_font=&#8221;|700|||||||&#8221; text_text_color=&#8221;#8263B4&#8243; text_font_size=&#8221;33px&#8221; text_line_height=&#8221;1.3em&#8221; text_orientation=&#8221;center&#8221; custom_margin=&#8221;1px|||||&#8221; global_colors_info=&#8221;{}&#8221;]<\/p>\n<p>\u00bfQuer\u00e9s anotarte? <br \/>\u00a1Escribime!<\/p>\n<p>[\/et_pb_text][et_pb_contact_form use_spam_service=&#8221;on&#8221; recaptcha_list=&#8221;Laura Salomone-0&#8243; email=&#8221;laurasalomoneyoga@gmail.com&#8221; custom_message=&#8221;Hola Lau!||et_pb_line_break_holder||Alguien te solicita informaci\u00f3n sobre el instructorado:||et_pb_line_break_holder||||et_pb_line_break_holder||Nombre: %%Nombre%%||et_pb_line_break_holder||Mail: %%Email%%||et_pb_line_break_holder||Mensaje: %%Mensaje%%&#8221; submit_button_text=&#8221;Enviar&#8221; _builder_version=&#8221;4.18.0&#8243; _module_preset=&#8221;default&#8221; _unique_id=&#8221;44a9e16c-2557-47de-95c4-dd67f9e9db0e&#8221; form_field_background_color=&#8221;#FFFFFF&#8221; form_field_text_color=&#8221;#8263B4&#8243; form_field_focus_background_color=&#8221;#FFFFFF&#8221; form_field_focus_text_color=&#8221;#8263B4&#8243; custom_button=&#8221;on&#8221; button_text_size=&#8221;18px&#8221; button_text_color=&#8221;#FFFFFF&#8221; button_bg_color=&#8221;#8263B4&#8243; button_font=&#8221;|600|||||||&#8221; global_colors_info=&#8221;{}&#8221;][et_pb_contact_field field_id=&#8221;Nombre&#8221; field_title=&#8221;Nombre&#8221; _builder_version=&#8221;4.18.0&#8243; global_colors_info=&#8221;{}&#8221; button_text_size__hover_enabled=&#8221;off&#8221; button_one_text_size__hover_enabled=&#8221;off&#8221; button_two_text_size__hover_enabled=&#8221;off&#8221; button_text_color__hover_enabled=&#8221;off&#8221; button_one_text_color__hover_enabled=&#8221;off&#8221; button_two_text_color__hover_enabled=&#8221;off&#8221; button_border_width__hover_enabled=&#8221;off&#8221; button_one_border_width__hover_enabled=&#8221;off&#8221; button_two_border_width__hover_enabled=&#8221;off&#8221; button_border_color__hover_enabled=&#8221;off&#8221; button_one_border_color__hover_enabled=&#8221;off&#8221; button_two_border_color__hover_enabled=&#8221;off&#8221; button_border_radius__hover_enabled=&#8221;off&#8221; button_one_border_radius__hover_enabled=&#8221;off&#8221; button_two_border_radius__hover_enabled=&#8221;off&#8221; button_letter_spacing__hover_enabled=&#8221;off&#8221; button_one_letter_spacing__hover_enabled=&#8221;off&#8221; button_two_letter_spacing__hover_enabled=&#8221;off&#8221; button_bg_color__hover_enabled=&#8221;off&#8221; button_one_bg_color__hover_enabled=&#8221;off&#8221; button_two_bg_color__hover_enabled=&#8221;off&#8221;][\/et_pb_contact_field][et_pb_contact_field field_id=&#8221;Email&#8221; field_title=&#8221;Email&#8221; field_type=&#8221;email&#8221; _builder_version=&#8221;4.18.0&#8243; global_colors_info=&#8221;{}&#8221; button_text_size__hover_enabled=&#8221;off&#8221; button_one_text_size__hover_enabled=&#8221;off&#8221; button_two_text_size__hover_enabled=&#8221;off&#8221; button_text_color__hover_enabled=&#8221;off&#8221; button_one_text_color__hover_enabled=&#8221;off&#8221; button_two_text_color__hover_enabled=&#8221;off&#8221; button_border_width__hover_enabled=&#8221;off&#8221; button_one_border_width__hover_enabled=&#8221;off&#8221; button_two_border_width__hover_enabled=&#8221;off&#8221; button_border_color__hover_enabled=&#8221;off&#8221; button_one_border_color__hover_enabled=&#8221;off&#8221; button_two_border_color__hover_enabled=&#8221;off&#8221; button_border_radius__hover_enabled=&#8221;off&#8221; button_one_border_radius__hover_enabled=&#8221;off&#8221; button_two_border_radius__hover_enabled=&#8221;off&#8221; button_letter_spacing__hover_enabled=&#8221;off&#8221; button_one_letter_spacing__hover_enabled=&#8221;off&#8221; button_two_letter_spacing__hover_enabled=&#8221;off&#8221; button_bg_color__hover_enabled=&#8221;off&#8221; button_one_bg_color__hover_enabled=&#8221;off&#8221; button_two_bg_color__hover_enabled=&#8221;off&#8221;][\/et_pb_contact_field][et_pb_contact_field field_id=&#8221;Mensaje&#8221; field_title=&#8221;Mensaje&#8221; field_type=&#8221;text&#8221; fullwidth_field=&#8221;on&#8221; _builder_version=&#8221;4.18.0&#8243; global_colors_info=&#8221;{}&#8221; button_text_size__hover_enabled=&#8221;off&#8221; button_one_text_size__hover_enabled=&#8221;off&#8221; button_two_text_size__hover_enabled=&#8221;off&#8221; button_text_color__hover_enabled=&#8221;off&#8221; button_one_text_color__hover_enabled=&#8221;off&#8221; button_two_text_color__hover_enabled=&#8221;off&#8221; button_border_width__hover_enabled=&#8221;off&#8221; button_one_border_width__hover_enabled=&#8221;off&#8221; button_two_border_width__hover_enabled=&#8221;off&#8221; button_border_color__hover_enabled=&#8221;off&#8221; button_one_border_color__hover_enabled=&#8221;off&#8221; button_two_border_color__hover_enabled=&#8221;off&#8221; button_border_radius__hover_enabled=&#8221;off&#8221; button_one_border_radius__hover_enabled=&#8221;off&#8221; button_two_border_radius__hover_enabled=&#8221;off&#8221; button_letter_spacing__hover_enabled=&#8221;off&#8221; button_one_letter_spacing__hover_enabled=&#8221;off&#8221; button_two_letter_spacing__hover_enabled=&#8221;off&#8221; button_bg_color__hover_enabled=&#8221;off&#8221; button_one_bg_color__hover_enabled=&#8221;off&#8221; button_two_bg_color__hover_enabled=&#8221;off&#8221;][\/et_pb_contact_field][\/et_pb_contact_form][\/et_pb_column][\/et_pb_row][\/et_pb_section]<\/p>\n","protected":false},"excerpt":{"rendered":"<p>\u00a0 Santosa es contento, es la alegr\u00eda s\u00e1tvica (armoniosa)que experimentamos a trav\u00e9s de la pr\u00e1ctica de Yoga.Basamos la pr\u00e1ctica de Yoga para ni\u00f1xs en Santosa, ya que la infancia es la etapa de los grandes aprendizajes, es el momento de mayor vulnerabilidad del ser humano, es cuando la alegr\u00eda se respira por cada poro de [&hellip;]<\/p>\n","protected":false},"author":1,"featured_media":0,"parent":0,"menu_order":0,"comment_status":"closed","ping_status":"closed","template":"","meta":{"_et_pb_use_builder":"on","_et_pb_old_content":"","_et_gb_content_width":"","inline_featured_image":false,"footnotes":""},"aioseo_notices":[],"_links":{"self":[{"href":"https:\/\/laurasalomone.com\/index.php\/wp-json\/wp\/v2\/pages\/84"}],"collection":[{"href":"https:\/\/laurasalomone.com\/index.php\/wp-json\/wp\/v2\/pages"}],"about":[{"href":"https:\/\/laurasalomone.com\/index.php\/wp-json\/wp\/v2\/types\/page"}],"author":[{"embeddable":true,"href":"https:\/\/laurasalomone.com\/index.php\/wp-json\/wp\/v2\/users\/1"}],"replies":[{"embeddable":true,"href":"https:\/\/laurasalomone.com\/index.php\/wp-json\/wp\/v2\/comments?post=84"}],"version-history":[{"count":6,"href":"https:\/\/laurasalomone.com\/index.php\/wp-json\/wp\/v2\/pages\/84\/revisions"}],"predecessor-version":[{"id":114,"href":"https:\/\/laurasalomone.com\/index.php\/wp-json\/wp\/v2\/pages\/84\/revisions\/114"}],"wp:attachment":[{"href":"https:\/\/laurasalomone.com\/index.php\/wp-json\/wp\/v2\/media?parent=84"}],"curies":[{"name":"wp","href":"https:\/\/api.w.org\/{rel}","templated":true}]}}